{"id":11846,"date":"2025-01-30T14:59:45","date_gmt":"2025-01-30T19:59:45","guid":{"rendered":"https:\/\/gcwcc-ccmtgc.org\/?page_id=11846"},"modified":"2025-02-03T09:12:11","modified_gmt":"2025-02-03T14:12:11","slug":"programme-representants-delegues","status":"publish","type":"page","link":"https:\/\/gcwcc-ccmtgc.org\/fr\/programme-representants-delegues\/","title":{"rendered":"Programme des repr\u00e9sentants d\u00e9l\u00e9gu\u00e9s"},"content":{"rendered":"\t\t<div data-elementor-type=\"wp-page\" data-elementor-id=\"11846\" class=\"elementor elementor-11846 elementor-11793\" data-elementor-post-type=\"page\">\n\t\t\t\t\t\t<section class=\"elementor-section elementor-top-section elementor-element elementor-element-61d7a05 elementor-section-boxed elementor-section-height-default elementor-section-height-default\" data-id=\"61d7a05\" data-element_type=\"section\">\n\t\t\t\t\t\t<div class=\"elementor-container elementor-column-gap-default\">\n\t\t\t\t\t<div class=\"elementor-column elementor-col-100 elementor-top-column elementor-element elementor-element-5f3c20c\" data-id=\"5f3c20c\" data-element_type=\"column\">\n\t\t\t<div class=\"elementor-widget-wrap elementor-element-populated\">\n\t\t\t\t\t\t<div class=\"elementor-element elementor-element-06fc915 elementor-widget elementor-widget-heading\" data-id=\"06fc915\" data-element_type=\"widget\" data-widget_type=\"heading.default\">\n\t\t\t\t<div class=\"elementor-widget-container\">\n\t\t\t\t\t<h1 class=\"elementor-heading-title elementor-size-default\">Programme des repr\u00e9sentantes et repr\u00e9sentants d\u00e9l\u00e9gu\u00e9s<\/h1>\t\t\t\t<\/div>\n\t\t\t\t<\/div>\n\t\t\t\t\t<\/div>\n\t\t<\/div>\n\t\t\t\t\t<\/div>\n\t\t<\/section>\n\t\t\t\t<section class=\"elementor-section elementor-top-section elementor-element elementor-element-e4284a3 elementor-section-boxed elementor-section-height-default elementor-section-height-default\" data-id=\"e4284a3\" data-element_type=\"section\">\n\t\t\t\t\t\t<div class=\"elementor-container elementor-column-gap-default\">\n\t\t\t\t\t<div class=\"elementor-column elementor-col-100 elementor-top-column elementor-element elementor-element-210841d\" data-id=\"210841d\" data-element_type=\"column\">\n\t\t\t<div class=\"elementor-widget-wrap elementor-element-populated\">\n\t\t\t\t\t\t<div class=\"elementor-element elementor-element-9f57c15 elementor-widget elementor-widget-text-editor\" data-id=\"9f57c15\" data-element_type=\"widget\" data-widget_type=\"text-editor.default\">\n\t\t\t\t<div class=\"elementor-widget-container\">\n\t\t\t\t\t\t\t\t\t<p class=\"p1\">Le Programme des repr\u00e9sentantes et repr\u00e9sentants d\u00e9l\u00e9gu\u00e9s\u00a0 (Programme RD) de la Campagne de charit\u00e9 en milieu de travail du gouvernement du Canada (CCMTGC) offre aux fonctionnaires f\u00e9d\u00e9raux une occasion unique de perfectionnement professionnel dans le cadre d\u2019affectations temporaires aupr\u00e8s des Centraide United Way (CUW). Ces affectations permettent aux employ\u00e9es et employ\u00e9s d\u2019am\u00e9liorer leurs comp\u00e9tences tout en soutenant les activit\u00e9s de la CCMTGC dans leurs communaut\u00e9s.<\/p><h3><strong>\u00c0 propos du programme<\/strong><\/h3><p class=\"p1\">Le Programme RD offre aux fonctionnaires f\u00e9d\u00e9raux la possibilit\u00e9 d\u2019effectuer des affectations temporaires aupr\u00e8s des CUW, en favorisant leur perfectionnement professionnel tout en contribuant au succ\u00e8s de la CCMTGC. Les participantes et participants peuvent ainsi comprendre directement l\u2019impact de la CCMTGC, tout en acqu\u00e9rant des comp\u00e9tences professionnelles pr\u00e9cieuses et en enrichissant leur formation professionnelle. Le programme renforce \u00e9galement la collaboration entre la fonction publique f\u00e9d\u00e9rale et les CUW dans le but de soutenir les efforts caritatifs.<\/p>\t\t\t\t\t\t\t\t<\/div>\n\t\t\t\t<\/div>\n\t\t\t\t\t<\/div>\n\t\t<\/div>\n\t\t\t\t\t<\/div>\n\t\t<\/section>\n\t\t\t\t<section class=\"elementor-section elementor-top-section elementor-element elementor-element-eb8a1cd elementor-section-boxed elementor-section-height-default elementor-section-height-default\" data-id=\"eb8a1cd\" data-element_type=\"section\">\n\t\t\t\t\t\t<div class=\"elementor-container elementor-column-gap-default\">\n\t\t\t\t\t<div class=\"elementor-column elementor-col-100 elementor-top-column elementor-element elementor-element-0590d11\" data-id=\"0590d11\" data-element_type=\"column\">\n\t\t\t<div class=\"elementor-widget-wrap elementor-element-populated\">\n\t\t\t\t\t\t<div class=\"elementor-element elementor-element-4f9c5e5 elementor-widget elementor-widget-spacer\" data-id=\"4f9c5e5\" data-element_type=\"widget\" data-widget_type=\"spacer.default\">\n\t\t\t\t<div class=\"elementor-widget-container\">\n\t\t\t\t\t\t\t<div class=\"elementor-spacer\">\n\t\t\t<div class=\"elementor-spacer-inner\"><\/div>\n\t\t<\/div>\n\t\t\t\t\t\t<\/div>\n\t\t\t\t<\/div>\n\t\t\t\t<div class=\"elementor-element elementor-element-70132c1 elementor-widget elementor-widget-heading\" data-id=\"70132c1\" data-element_type=\"widget\" data-widget_type=\"heading.default\">\n\t\t\t\t<div class=\"elementor-widget-container\">\n\t\t\t\t\t<h2 class=\"elementor-heading-title elementor-size-default\">Avantages : pourquoi devrais-je participer ?<\/h2>\t\t\t\t<\/div>\n\t\t\t\t<\/div>\n\t\t\t\t\t<\/div>\n\t\t<\/div>\n\t\t\t\t\t<\/div>\n\t\t<\/section>\n\t\t\t\t<section class=\"elementor-section elementor-top-section elementor-element elementor-element-218886d elementor-section-boxed elementor-section-height-default elementor-section-height-default\" data-id=\"218886d\" data-element_type=\"section\">\n\t\t\t\t\t\t<div class=\"elementor-container elementor-column-gap-default\">\n\t\t\t\t\t<div class=\"elementor-column elementor-col-100 elementor-top-column elementor-element elementor-element-f08115d\" data-id=\"f08115d\" data-element_type=\"column\">\n\t\t\t<div class=\"elementor-widget-wrap elementor-element-populated\">\n\t\t\t\t\t\t<div class=\"elementor-element elementor-element-67a520c elementor-widget elementor-widget-text-editor\" data-id=\"67a520c\" data-element_type=\"widget\" data-widget_type=\"text-editor.default\">\n\t\t\t\t<div class=\"elementor-widget-container\">\n\t\t\t\t\t\t\t\t\t<p>En tant que participant au programme RD, vous pouvez acqu\u00e9rir des comp\u00e9tences professionnelles pr\u00e9cieuses, notamment en mati\u00e8re de leadership, de gestion de projet et d&rsquo;engagement communautaire. Le programme vous permet \u00e9galement de contribuer \u00e0 des initiatives caritatives significatives qui ont un impact sur votre communaut\u00e9 locale.<\/p>\t\t\t\t\t\t\t\t<\/div>\n\t\t\t\t<\/div>\n\t\t\t\t\t<\/div>\n\t\t<\/div>\n\t\t\t\t\t<\/div>\n\t\t<\/section>\n\t\t\t\t<section class=\"elementor-section elementor-top-section elementor-element elementor-element-a4cb0ce elementor-section-boxed elementor-section-height-default elementor-section-height-default\" data-id=\"a4cb0ce\" data-element_type=\"section\">\n\t\t\t\t\t\t<div class=\"elementor-container elementor-column-gap-default\">\n\t\t\t\t\t<div class=\"elementor-column elementor-col-100 elementor-top-column elementor-element elementor-element-f3e3aa0\" data-id=\"f3e3aa0\" data-element_type=\"column\">\n\t\t\t<div class=\"elementor-widget-wrap elementor-element-populated\">\n\t\t\t\t\t\t<div class=\"elementor-element elementor-element-a101a4a elementor-widget elementor-widget-spacer\" data-id=\"a101a4a\" data-element_type=\"widget\" data-widget_type=\"spacer.default\">\n\t\t\t\t<div class=\"elementor-widget-container\">\n\t\t\t\t\t\t\t<div class=\"elementor-spacer\">\n\t\t\t<div class=\"elementor-spacer-inner\"><\/div>\n\t\t<\/div>\n\t\t\t\t\t\t<\/div>\n\t\t\t\t<\/div>\n\t\t\t\t\t<\/div>\n\t\t<\/div>\n\t\t\t\t\t<\/div>\n\t\t<\/section>\n\t\t\t\t<section class=\"elementor-section elementor-top-section elementor-element elementor-element-88af260 elementor-section-boxed elementor-section-height-default elementor-section-height-default\" data-id=\"88af260\" data-element_type=\"section\">\n\t\t\t\t\t\t<div class=\"elementor-container elementor-column-gap-default\">\n\t\t\t\t\t<div class=\"elementor-column elementor-col-100 elementor-top-column elementor-element elementor-element-ae4ed7c\" data-id=\"ae4ed7c\" data-element_type=\"column\">\n\t\t\t<div class=\"elementor-widget-wrap elementor-element-populated\">\n\t\t\t\t\t\t<div class=\"elementor-element elementor-element-6fb24ea elementor-widget elementor-widget-heading\" data-id=\"6fb24ea\" data-element_type=\"widget\" data-widget_type=\"heading.default\">\n\t\t\t\t<div class=\"elementor-widget-container\">\n\t\t\t\t\t<h2 class=\"elementor-heading-title elementor-size-default\">Types d'affectations et exigences<\/h2>\t\t\t\t<\/div>\n\t\t\t\t<\/div>\n\t\t\t\t<div class=\"elementor-element elementor-element-45ce3c1 elementor-widget elementor-widget-spacer\" data-id=\"45ce3c1\" data-element_type=\"widget\" data-widget_type=\"spacer.default\">\n\t\t\t\t<div class=\"elementor-widget-container\">\n\t\t\t\t\t\t\t<div class=\"elementor-spacer\">\n\t\t\t<div class=\"elementor-spacer-inner\"><\/div>\n\t\t<\/div>\n\t\t\t\t\t\t<\/div>\n\t\t\t\t<\/div>\n\t\t\t\t<div class=\"elementor-element elementor-element-d847535 elementor-widget elementor-widget-toggle\" data-id=\"d847535\" data-element_type=\"widget\" data-widget_type=\"toggle.default\">\n\t\t\t\t<div class=\"elementor-widget-container\">\n\t\t\t\t\t\t\t<div class=\"elementor-toggle\">\n\t\t\t\t\t\t\t<div class=\"elementor-toggle-item\">\n\t\t\t\t\t<div id=\"elementor-tab-title-2261\" class=\"elementor-tab-title\" data-tab=\"1\" role=\"button\" aria-controls=\"elementor-tab-content-2261\" aria-expanded=\"false\">\n\t\t\t\t\t\t\t\t\t\t\t\t<span class=\"elementor-toggle-icon elementor-toggle-icon-left\" aria-hidden=\"true\">\n\t\t\t\t\t\t\t\t\t\t\t\t\t\t\t<span class=\"elementor-toggle-icon-closed\"><i class=\"fas fa-angle-down\"><\/i><\/span>\n\t\t\t\t\t\t\t\t<span class=\"elementor-toggle-icon-opened\"><i class=\"elementor-toggle-icon-opened fas fa-caret-up\"><\/i><\/span>\n\t\t\t\t\t\t\t\t\t\t\t\t\t<\/span>\n\t\t\t\t\t\t\t\t\t\t\t\t<a class=\"elementor-toggle-title\" tabindex=\"0\">Affectation du Programme des repr\u00e9sentantes et repr\u00e9sentants d\u00e9l\u00e9gu\u00e9s<\/a>\n\t\t\t\t\t<\/div>\n\n\t\t\t\t\t<div id=\"elementor-tab-content-2261\" class=\"elementor-tab-content elementor-clearfix\" data-tab=\"1\" role=\"region\" aria-labelledby=\"elementor-tab-title-2261\"><p><strong>Dur\u00e9e : <\/strong>16 semaines ou moins<\/p><p><strong>Programme :<\/strong><\/p><ul><li>Ces missions de courte dur\u00e9e sont g\u00e9r\u00e9es par les CUW locaux et soutenues par le bureau national de la CCMTGC.<\/li><li>Le chef\u00a0 ou cheffe de service de l&#8217;employ\u00e9 ou la personne d\u00e9l\u00e9gu\u00e9e doit approuver l&#8217;affectation.<\/li><li>Les affectations se portent principalement sur les activit\u00e9s de la CCMTGC, bien que des t\u00e2ches suppl\u00e9mentaires puissent \u00eatre confi\u00e9es avec l&#8217;approbation pr\u00e9alable de la cheffe ou du chef de service.<\/li><li>Les missions peuvent \u00eatre prolong\u00e9es jusqu&#8217;\u00e0 4 semaines dans des circonstances exceptionnelles et avec l&#8217;accord des deux parties.<\/li><li class=\"li1\">Les salaires et avantages sociaux des employ\u00e9es ou employ\u00e9s sont pay\u00e9s par leur organisation d\u2019origine, tandis que les CUW couvrent toutes les d\u00e9penses li\u00e9es \u00e0 la formation, aux conf\u00e9rences, aux d\u00e9placements et aux activit\u00e9s professionnelles.<\/li><\/ul><p><strong><br \/>\u2192 <\/strong>Communiquez avec voter <a href=\"https:\/\/gcwcc-ccmtgc.org\/fr\/coordonnees-des-gestionnaires-locaux\/\"><span class=\"s2\">CUW local<\/span><\/a>\u00a0ou avec le <a href=\"mailto:team-equipe@gcwcc-ccmtgc.com\">bureau national de la CCMTGC<\/a> pour exprimer votre int\u00e9r\u00eat \u00e0 participer au programme.<\/p><\/div>\n\t\t\t\t<\/div>\n\t\t\t\t\t\t\t<div class=\"elementor-toggle-item\">\n\t\t\t\t\t<div id=\"elementor-tab-title-2262\" class=\"elementor-tab-title\" data-tab=\"2\" role=\"button\" aria-controls=\"elementor-tab-content-2262\" aria-expanded=\"false\">\n\t\t\t\t\t\t\t\t\t\t\t\t<span class=\"elementor-toggle-icon elementor-toggle-icon-left\" aria-hidden=\"true\">\n\t\t\t\t\t\t\t\t\t\t\t\t\t\t\t<span class=\"elementor-toggle-icon-closed\"><i class=\"fas fa-angle-down\"><\/i><\/span>\n\t\t\t\t\t\t\t\t<span class=\"elementor-toggle-icon-opened\"><i class=\"elementor-toggle-icon-opened fas fa-caret-up\"><\/i><\/span>\n\t\t\t\t\t\t\t\t\t\t\t\t\t<\/span>\n\t\t\t\t\t\t\t\t\t\t\t\t<a class=\"elementor-toggle-title\" tabindex=\"0\">Affectation du Programme \u00c9changes Canada<\/a>\n\t\t\t\t\t<\/div>\n\n\t\t\t\t\t<div id=\"elementor-tab-content-2262\" class=\"elementor-tab-content elementor-clearfix\" data-tab=\"2\" role=\"region\" aria-labelledby=\"elementor-tab-title-2262\"><p><strong>Dur\u00e9e :<\/strong> plus de 16 semaines<\/p><p><strong>Programme:<\/strong><\/p><ul><li class=\"li1\">Ces affectations plus longues suivent les proc\u00e9dures d\u00e9crites dans la <a href=\"https:\/\/www.canada.ca\/fr\/secretariat-conseil-tresor\/services\/perfectionnement-professionnel\/echanges-canada.html\"><span class=\"s2\">Politique d\u2019\u00c9changes Canada<\/span><\/a> <span class=\"s3\">et <\/span>doivent \u00eatre conformes \u00e0 la <a href=\"https:\/\/www.tbs-sct.canada.ca\/pol\/doc-fra.aspx?id=32621\"><span class=\"s2\">Politique sur la gestion des personnes<\/span><\/a> et \u00e0 la <a href=\"https:\/\/www.tbs-sct.canada.ca\/pol\/doc-fra.aspx?id=12553\"><span class=\"s2\">Directive sur \u00c9changes Canada<\/span><\/a>.<\/li><li class=\"li1\">L\u2019approbation de la cheffe ou du chef de service, ou de sa d\u00e9l\u00e9gu\u00e9e ou son d\u00e9l\u00e9gu\u00e9, est requise.<\/li><li class=\"li1\">Les CUW et les organisations d\u2019origine doivent collaborer pour \u00e9tablir des ententes et des \u00e9valuations de rendement.<\/li><li class=\"li1\">Les salaires et avantages sociaux des employ\u00e9es ou employ\u00e9s sont pay\u00e9s par leur organisation d\u2019origine, tandis que les CUW couvrent toutes les d\u00e9penses li\u00e9es \u00e0 la formation, aux conf\u00e9rences, aux d\u00e9placements et aux activit\u00e9s professionnelles.<\/li><\/ul><p><strong><br \/>\u2192 <\/strong>Communiquez avec voter <a href=\"https:\/\/gcwcc-ccmtgc.org\/fr\/coordonnees-des-gestionnaires-locaux\/\"><span class=\"s2\">CUW local<\/span><\/a>\u00a0ou avec le <a href=\"mailto:team-equipe@gcwcc-ccmtgc.com\">bureau national de la CCMTGC<\/a> pour exprimer votre int\u00e9r\u00eat \u00e0 participer au programme.<\/p><\/div>\n\t\t\t\t<\/div>\n\t\t\t\t\t\t\t\t<\/div>\n\t\t\t\t\t\t<\/div>\n\t\t\t\t<\/div>\n\t\t\t\t\t<\/div>\n\t\t<\/div>\n\t\t\t\t\t<\/div>\n\t\t<\/section>\n\t\t\t\t<section class=\"elementor-section elementor-top-section elementor-element elementor-element-ef09075 elementor-section-boxed elementor-section-height-default elementor-section-height-default\" data-id=\"ef09075\" data-element_type=\"section\">\n\t\t\t\t\t\t<div class=\"elementor-container elementor-column-gap-default\">\n\t\t\t\t\t<div class=\"elementor-column elementor-col-100 elementor-top-column elementor-element elementor-element-8930f22\" data-id=\"8930f22\" data-element_type=\"column\">\n\t\t\t<div class=\"elementor-widget-wrap elementor-element-populated\">\n\t\t\t\t\t\t<div class=\"elementor-element elementor-element-0f5c2ed elementor-widget elementor-widget-spacer\" data-id=\"0f5c2ed\" data-element_type=\"widget\" data-widget_type=\"spacer.default\">\n\t\t\t\t<div class=\"elementor-widget-container\">\n\t\t\t\t\t\t\t<div class=\"elementor-spacer\">\n\t\t\t<div class=\"elementor-spacer-inner\"><\/div>\n\t\t<\/div>\n\t\t\t\t\t\t<\/div>\n\t\t\t\t<\/div>\n\t\t\t\t\t<\/div>\n\t\t<\/div>\n\t\t\t\t\t<\/div>\n\t\t<\/section>\n\t\t\t\t<section class=\"elementor-section elementor-top-section elementor-element elementor-element-187ce40 elementor-section-boxed elementor-section-height-default elementor-section-height-default\" data-id=\"187ce40\" data-element_type=\"section\">\n\t\t\t\t\t\t<div class=\"elementor-container elementor-column-gap-default\">\n\t\t\t\t\t<div class=\"elementor-column elementor-col-100 elementor-top-column elementor-element elementor-element-0639cfc\" data-id=\"0639cfc\" data-element_type=\"column\">\n\t\t\t<div class=\"elementor-widget-wrap elementor-element-populated\">\n\t\t\t\t\t\t<div class=\"elementor-element elementor-element-df57d8f elementor-widget elementor-widget-heading\" data-id=\"df57d8f\" data-element_type=\"widget\" data-widget_type=\"heading.default\">\n\t\t\t\t<div class=\"elementor-widget-container\">\n\t\t\t\t\t<h2 class=\"elementor-heading-title elementor-size-default\">Comment poser ma candidature<\/h2>\t\t\t\t<\/div>\n\t\t\t\t<\/div>\n\t\t\t\t<section class=\"elementor-section elementor-inner-section elementor-element elementor-element-4999b36 elementor-section-boxed elementor-section-height-default elementor-section-height-default\" data-id=\"4999b36\" data-element_type=\"section\">\n\t\t\t\t\t\t<div class=\"elementor-container elementor-column-gap-default\">\n\t\t\t\t\t<div class=\"elementor-column elementor-col-50 elementor-inner-column elementor-element elementor-element-7bd237d\" data-id=\"7bd237d\" data-element_type=\"column\">\n\t\t\t<div class=\"elementor-widget-wrap elementor-element-populated\">\n\t\t\t\t\t\t<div class=\"elementor-element elementor-element-4dce4c1 elementor-widget elementor-widget-image\" data-id=\"4dce4c1\" data-element_type=\"widget\" data-widget_type=\"image.default\">\n\t\t\t\t<div class=\"elementor-widget-container\">\n\t\t\t\t\t\t\t\t\t\t\t\t\t\t\t<img fetchpriority=\"high\" decoding=\"async\" width=\"1180\" height=\"570\" src=\"https:\/\/gcwcc-ccmtgc.org\/wp-content\/uploads\/2024\/04\/2-5.png\" class=\"attachment-1536x1536 size-1536x1536 wp-image-9254\" alt=\"\" srcset=\"https:\/\/gcwcc-ccmtgc.org\/wp-content\/uploads\/2024\/04\/2-5.png 1180w, https:\/\/gcwcc-ccmtgc.org\/wp-content\/uploads\/2024\/04\/2-5-300x145.png 300w, https:\/\/gcwcc-ccmtgc.org\/wp-content\/uploads\/2024\/04\/2-5-1024x495.png 1024w, https:\/\/gcwcc-ccmtgc.org\/wp-content\/uploads\/2024\/04\/2-5-768x371.png 768w\" sizes=\"(max-width: 1180px) 100vw, 1180px\" \/>\t\t\t\t\t\t\t\t\t\t\t\t\t\t\t<\/div>\n\t\t\t\t<\/div>\n\t\t\t\t<div class=\"elementor-element elementor-element-6a3c903 elementor-widget elementor-widget-text-editor\" data-id=\"6a3c903\" data-element_type=\"widget\" data-widget_type=\"text-editor.default\">\n\t\t\t\t<div class=\"elementor-widget-container\">\n\t\t\t\t\t\t\t\t\t<h3 style=\"padding-left: 40px;\"><strong>Demande du CUW<\/strong><\/h3><p style=\"padding-left: 40px;\">Supposons que vous ayez \u00e9t\u00e9 identifi\u00e9 par une personne de votre organisation qui vous a recommand\u00e9 pour la mission. Dans ce cas, vous devez collaborer avec votre UWC local et votre cheffe ou chef de service ou la personne d\u00e9l\u00e9gu\u00e9e pour obtenir l&rsquo;approbation n\u00e9cessaire.<\/p>\t\t\t\t\t\t\t\t<\/div>\n\t\t\t\t<\/div>\n\t\t\t\t\t<\/div>\n\t\t<\/div>\n\t\t\t\t<div class=\"elementor-column elementor-col-50 elementor-inner-column elementor-element elementor-element-19f6c73\" data-id=\"19f6c73\" data-element_type=\"column\">\n\t\t\t<div class=\"elementor-widget-wrap elementor-element-populated\">\n\t\t\t\t\t\t<div class=\"elementor-element elementor-element-1834e67 elementor-widget elementor-widget-image\" data-id=\"1834e67\" data-element_type=\"widget\" data-widget_type=\"image.default\">\n\t\t\t\t<div class=\"elementor-widget-container\">\n\t\t\t\t\t\t\t\t\t\t\t\t\t\t\t<img decoding=\"async\" width=\"1300\" height=\"600\" src=\"https:\/\/gcwcc-ccmtgc.org\/wp-content\/uploads\/2024\/04\/2-4.png\" class=\"attachment-1536x1536 size-1536x1536 wp-image-9226\" alt=\"\" srcset=\"https:\/\/gcwcc-ccmtgc.org\/wp-content\/uploads\/2024\/04\/2-4.png 1300w, https:\/\/gcwcc-ccmtgc.org\/wp-content\/uploads\/2024\/04\/2-4-300x138.png 300w, https:\/\/gcwcc-ccmtgc.org\/wp-content\/uploads\/2024\/04\/2-4-1024x473.png 1024w, https:\/\/gcwcc-ccmtgc.org\/wp-content\/uploads\/2024\/04\/2-4-768x354.png 768w\" sizes=\"(max-width: 1300px) 100vw, 1300px\" \/>\t\t\t\t\t\t\t\t\t\t\t\t\t\t\t<\/div>\n\t\t\t\t<\/div>\n\t\t\t\t<div class=\"elementor-element elementor-element-e3c10f9 elementor-widget elementor-widget-text-editor\" data-id=\"e3c10f9\" data-element_type=\"widget\" data-widget_type=\"text-editor.default\">\n\t\t\t\t<div class=\"elementor-widget-container\">\n\t\t\t\t\t\t\t\t\t<h3 style=\"padding-left: 40px;\"><strong>Candidature initi\u00e9e par la personne employ\u00e9e<\/strong><\/h3><p style=\"padding-left: 40px;\">En tant que fonctionnaire f\u00e9d\u00e9ral, vous pouvez manifester votre int\u00e9r\u00eat et travailler avec votre organisation d&rsquo;origine pour obtenir les approbations n\u00e9cessaires. Nous vous recommandons d&rsquo;avoir une discussion pr\u00e9liminaire avec votre cheffe ou de service ou la personne d\u00e9l\u00e9gu\u00e9e avant de contacter votre UWC local.<\/p>\t\t\t\t\t\t\t\t<\/div>\n\t\t\t\t<\/div>\n\t\t\t\t\t<\/div>\n\t\t<\/div>\n\t\t\t\t\t<\/div>\n\t\t<\/section>\n\t\t\t\t\t<\/div>\n\t\t<\/div>\n\t\t\t\t\t<\/div>\n\t\t<\/section>\n\t\t\t\t<section class=\"elementor-section elementor-top-section elementor-element elementor-element-ab000d2 elementor-section-boxed elementor-section-height-default elementor-section-height-default\" data-id=\"ab000d2\" data-element_type=\"section\">\n\t\t\t\t\t\t<div class=\"elementor-container elementor-column-gap-default\">\n\t\t\t\t\t<div class=\"elementor-column elementor-col-100 elementor-top-column elementor-element elementor-element-93970fb\" data-id=\"93970fb\" data-element_type=\"column\">\n\t\t\t<div class=\"elementor-widget-wrap elementor-element-populated\">\n\t\t\t\t\t\t<div class=\"elementor-element elementor-element-8216ff6 elementor-widget elementor-widget-text-editor\" data-id=\"8216ff6\" data-element_type=\"widget\" data-widget_type=\"text-editor.default\">\n\t\t\t\t<div class=\"elementor-widget-container\">\n\t\t\t\t\t\t\t\t\t<p class=\"p1\">Pour plus d\u2019informations ou pour obtenir une assistance concernant le processus de candidature, veuillez communiquer avec le bureau national de la CCMTGC.<\/p><ul><li>Courriel : <a href=\"mailto:team-equipe@gcwcc-ccmtgc.com\">team-equipe@gcwcc-ccmtgc.com<\/a><\/li><\/ul>\t\t\t\t\t\t\t\t<\/div>\n\t\t\t\t<\/div>\n\t\t\t\t\t<\/div>\n\t\t<\/div>\n\t\t\t\t\t<\/div>\n\t\t<\/section>\n\t\t\t\t<section class=\"elementor-section elementor-top-section elementor-element elementor-element-6f78c31 elementor-section-boxed elementor-section-height-default elementor-section-height-default\" data-id=\"6f78c31\" data-element_type=\"section\">\n\t\t\t\t\t\t<div class=\"elementor-container elementor-column-gap-default\">\n\t\t\t\t\t<div class=\"elementor-column elementor-col-100 elementor-top-column elementor-element elementor-element-797337f\" data-id=\"797337f\" data-element_type=\"column\">\n\t\t\t<div class=\"elementor-widget-wrap\">\n\t\t\t\t\t\t\t<\/div>\n\t\t<\/div>\n\t\t\t\t\t<\/div>\n\t\t<\/section>\n\t\t\t\t<\/div>\n\t\t","protected":false},"excerpt":{"rendered":"<p>Programme des repr\u00e9sentantes et repr\u00e9sentants d\u00e9l\u00e9gu\u00e9s Le Programme des repr\u00e9sentantes et repr\u00e9sentants d\u00e9l\u00e9gu\u00e9s\u00a0 (Programme RD) de la Campagne de charit\u00e9 en milieu de travail du gouvernement du Canada (CCMTGC) offre aux fonctionnaires f\u00e9d\u00e9raux une occasion unique de perfectionnement professionnel dans le cadre d\u2019affectations temporaires aupr\u00e8s des Centraide United Way (CUW). Ces affectations permettent aux employ\u00e9es [&hellip;]<\/p>\n","protected":false},"author":16,"featured_media":0,"parent":0,"menu_order":0,"comment_status":"closed","ping_status":"closed","template":"","meta":{"_monsterinsights_skip_tracking":false,"_monsterinsights_sitenote_active":false,"_monsterinsights_sitenote_note":"","_monsterinsights_sitenote_category":0,"footnotes":""},"class_list":["post-11846","page","type-page","status-publish","hentry"],"aioseo_notices":[],"_links":{"self":[{"href":"https:\/\/gcwcc-ccmtgc.org\/fr\/wp-json\/wp\/v2\/pages\/11846","targetHints":{"allow":["GET"]}}],"collection":[{"href":"https:\/\/gcwcc-ccmtgc.org\/fr\/wp-json\/wp\/v2\/pages"}],"about":[{"href":"https:\/\/gcwcc-ccmtgc.org\/fr\/wp-json\/wp\/v2\/types\/page"}],"author":[{"embeddable":true,"href":"https:\/\/gcwcc-ccmtgc.org\/fr\/wp-json\/wp\/v2\/users\/16"}],"replies":[{"embeddable":true,"href":"https:\/\/gcwcc-ccmtgc.org\/fr\/wp-json\/wp\/v2\/comments?post=11846"}],"version-history":[{"count":21,"href":"https:\/\/gcwcc-ccmtgc.org\/fr\/wp-json\/wp\/v2\/pages\/11846\/revisions"}],"predecessor-version":[{"id":11901,"href":"https:\/\/gcwcc-ccmtgc.org\/fr\/wp-json\/wp\/v2\/pages\/11846\/revisions\/11901"}],"wp:attachment":[{"href":"https:\/\/gcwcc-ccmtgc.org\/fr\/wp-json\/wp\/v2\/media?parent=11846"}],"curies":[{"name":"wp","href":"https:\/\/api.w.org\/{rel}","templated":true}]}}