{"id":3478,"date":"2021-11-19T16:10:06","date_gmt":"2021-11-19T21:10:06","guid":{"rendered":"https:\/\/gcwcc-ccmtgc.org\/?page_id=3478"},"modified":"2026-05-14T13:45:25","modified_gmt":"2026-05-14T17:45:25","slug":"coordonnees-des-gestionnaires-locaux","status":"publish","type":"page","link":"https:\/\/gcwcc-ccmtgc.org\/fr\/coordonnees-des-gestionnaires-locaux\/","title":{"rendered":"Coordonn\u00e9es des gestionnaires locaux"},"content":{"rendered":"\t\t<div data-elementor-type=\"wp-page\" data-elementor-id=\"3478\" class=\"elementor elementor-3478 elementor-3447\" data-elementor-post-type=\"page\">\n\t\t\t\t\t\t<section class=\"elementor-section elementor-top-section elementor-element elementor-element-bc53ab0 elementor-section-boxed elementor-section-height-default elementor-section-height-default\" data-id=\"bc53ab0\" data-element_type=\"section\">\n\t\t\t\t\t\t<div class=\"elementor-container elementor-column-gap-default\">\n\t\t\t\t\t<div class=\"elementor-column elementor-col-100 elementor-top-column elementor-element elementor-element-7103322\" data-id=\"7103322\" data-element_type=\"column\">\n\t\t\t<div class=\"elementor-widget-wrap elementor-element-populated\">\n\t\t\t\t\t\t<div class=\"elementor-element elementor-element-359cbe4 elementor-widget elementor-widget-heading\" data-id=\"359cbe4\" data-element_type=\"widget\" data-widget_type=\"heading.default\">\n\t\t\t\t<div class=\"elementor-widget-container\">\n\t\t\t\t\t<h2 class=\"elementor-heading-title elementor-size-default\">Coordonn\u00e9es des gestionnaires locaux de la CCMTGC<\/h2>\t\t\t\t<\/div>\n\t\t\t\t<\/div>\n\t\t\t\t\t<\/div>\n\t\t<\/div>\n\t\t\t\t\t<\/div>\n\t\t<\/section>\n\t\t\t\t<section class=\"elementor-section elementor-top-section elementor-element elementor-element-28bfd9a elementor-section-boxed elementor-section-height-default elementor-section-height-default\" data-id=\"28bfd9a\" data-element_type=\"section\">\n\t\t\t\t\t\t<div class=\"elementor-container elementor-column-gap-default\">\n\t\t\t\t\t<div class=\"elementor-column elementor-col-100 elementor-top-column elementor-element elementor-element-7b7636a\" data-id=\"7b7636a\" data-element_type=\"column\">\n\t\t\t<div class=\"elementor-widget-wrap elementor-element-populated\">\n\t\t\t\t\t\t<div class=\"elementor-element elementor-element-893fc33 elementor-view-default elementor-position-top elementor-mobile-position-top elementor-widget elementor-widget-icon-box\" data-id=\"893fc33\" data-element_type=\"widget\" data-widget_type=\"icon-box.default\">\n\t\t\t\t<div class=\"elementor-widget-container\">\n\t\t\t\t\t\t\t<div class=\"elementor-icon-box-wrapper\">\n\n\t\t\t\t\t\t<div class=\"elementor-icon-box-icon\">\n\t\t\t\t<a href=\"https:\/\/gcwcc-ccmtgc.org\/wp-content\/uploads\/2026\/05\/Local-Manager-Contact-List-05.06.2026.xlsx\" target=\"_blank\" class=\"elementor-icon elementor-animation-grow\" tabindex=\"-1\" aria-label=\"Fiche des coordonn\u00e9es des gestionnaires locaux de la CCMTGC\">\n\t\t\t\t<i aria-hidden=\"true\" class=\"fas fa-phone-alt\"><\/i>\t\t\t\t<\/a>\n\t\t\t<\/div>\n\t\t\t\n\t\t\t\t\t\t<div class=\"elementor-icon-box-content\">\n\n\t\t\t\t\t\t\t\t\t<h3 class=\"elementor-icon-box-title\">\n\t\t\t\t\t\t<a href=\"https:\/\/gcwcc-ccmtgc.org\/wp-content\/uploads\/2026\/05\/Local-Manager-Contact-List-05.06.2026.xlsx\" target=\"_blank\" >\n\t\t\t\t\t\t\tFiche des coordonn\u00e9es des gestionnaires locaux de la CCMTGC\t\t\t\t\t\t<\/a>\n\t\t\t\t\t<\/h3>\n\t\t\t\t\n\t\t\t\t\t\t\t\t\t<p class=\"elementor-icon-box-description\">\n\t\t\t\t\t\tLes gestionnaires locaux de la CCMTGC font partie int\u00e9grante de l\u2019organisation d\u2019une campagne r\u00e9ussie. Ils sont d\u00e9sign\u00e9s par les Centraide\/United Way et ont la responsabilit\u00e9 de vous soutenir, vous et vos \u00e9quipes, pour vous aider \u00e0 r\u00e9ussir. \n\n<br>\n\n<a href=\"https:\/\/gcwcc-ccmtgc.org\/wp-content\/uploads\/2026\/05\/Local-Manager-Contact-List-05.06.2026.xlsx\">T\u00e9l\u00e9chargez la liste des coordonn\u00e9es des gestionnaires locaux.<\/a>\t\t\t\t\t<\/p>\n\t\t\t\t\n\t\t\t<\/div>\n\t\t\t\n\t\t<\/div>\n\t\t\t\t\t\t<\/div>\n\t\t\t\t<\/div>\n\t\t\t\t\t<\/div>\n\t\t<\/div>\n\t\t\t\t\t<\/div>\n\t\t<\/section>\n\t\t\t\t<\/div>\n\t\t","protected":false},"excerpt":{"rendered":"<p>Coordonn\u00e9es des gestionnaires locaux de la CCMTGC Fiche des coordonn\u00e9es des gestionnaires locaux de la CCMTGC Les gestionnaires locaux de la CCMTGC font partie int\u00e9grante de l\u2019organisation d\u2019une campagne r\u00e9ussie. Ils sont d\u00e9sign\u00e9s par les Centraide\/United Way et ont la responsabilit\u00e9 de vous soutenir, vous et vos \u00e9quipes, pour vous aider \u00e0 r\u00e9ussir. T\u00e9l\u00e9chargez la [&hellip;]<\/p>\n","protected":false},"author":16,"featured_media":0,"parent":0,"menu_order":0,"comment_status":"closed","ping_status":"closed","template":"","meta":{"_monsterinsights_skip_tracking":false,"_monsterinsights_sitenote_active":false,"_monsterinsights_sitenote_note":"","_monsterinsights_sitenote_category":0,"footnotes":""},"class_list":["post-3478","page","type-page","status-publish","hentry"],"aioseo_notices":[],"_links":{"self":[{"href":"https:\/\/gcwcc-ccmtgc.org\/fr\/wp-json\/wp\/v2\/pages\/3478","targetHints":{"allow":["GET"]}}],"collection":[{"href":"https:\/\/gcwcc-ccmtgc.org\/fr\/wp-json\/wp\/v2\/pages"}],"about":[{"href":"https:\/\/gcwcc-ccmtgc.org\/fr\/wp-json\/wp\/v2\/types\/page"}],"author":[{"embeddable":true,"href":"https:\/\/gcwcc-ccmtgc.org\/fr\/wp-json\/wp\/v2\/users\/16"}],"replies":[{"embeddable":true,"href":"https:\/\/gcwcc-ccmtgc.org\/fr\/wp-json\/wp\/v2\/comments?post=3478"}],"version-history":[{"count":358,"href":"https:\/\/gcwcc-ccmtgc.org\/fr\/wp-json\/wp\/v2\/pages\/3478\/revisions"}],"predecessor-version":[{"id":13469,"href":"https:\/\/gcwcc-ccmtgc.org\/fr\/wp-json\/wp\/v2\/pages\/3478\/revisions\/13469"}],"wp:attachment":[{"href":"https:\/\/gcwcc-ccmtgc.org\/fr\/wp-json\/wp\/v2\/media?parent=3478"}],"curies":[{"name":"wp","href":"https:\/\/api.w.org\/{rel}","templated":true}]}}