{"id":362,"date":"2019-09-05T18:46:39","date_gmt":"2019-09-05T22:46:39","guid":{"rendered":"https:\/\/gcwcc-ccmtgc.org\/?page_id=362"},"modified":"2025-11-18T09:03:33","modified_gmt":"2025-11-18T14:03:33","slug":"ambassadeur","status":"publish","type":"page","link":"https:\/\/gcwcc-ccmtgc.org\/fr\/ambassadeur\/","title":{"rendered":"Ambassadeur"},"content":{"rendered":"\t\t<div data-elementor-type=\"wp-post\" data-elementor-id=\"362\" class=\"elementor elementor-362 elementor-199\" data-elementor-post-type=\"page\">\n\t\t\t\t\t\t<section class=\"elementor-section elementor-top-section elementor-element elementor-element-a09fd5c elementor-section-boxed elementor-section-height-default elementor-section-height-default\" data-id=\"a09fd5c\" data-element_type=\"section\">\n\t\t\t\t\t\t<div class=\"elementor-container elementor-column-gap-default\">\n\t\t\t\t\t<div class=\"elementor-column elementor-col-100 elementor-top-column elementor-element elementor-element-71b69d2\" data-id=\"71b69d2\" data-element_type=\"column\">\n\t\t\t<div class=\"elementor-widget-wrap elementor-element-populated\">\n\t\t\t\t\t\t<div class=\"elementor-element elementor-element-7951e55 elementor-view-default elementor-position-top elementor-mobile-position-top elementor-widget elementor-widget-icon-box\" data-id=\"7951e55\" data-element_type=\"widget\" data-widget_type=\"icon-box.default\">\n\t\t\t\t<div class=\"elementor-widget-container\">\n\t\t\t\t\t\t\t<div class=\"elementor-icon-box-wrapper\">\n\n\t\t\t\t\t\t<div class=\"elementor-icon-box-icon\">\n\t\t\t\t<span  class=\"elementor-icon\">\n\t\t\t\t<i aria-hidden=\"true\" class=\"fas fa-hand-holding-heart\"><\/i>\t\t\t\t<\/span>\n\t\t\t<\/div>\n\t\t\t\n\t\t\t\t\t\t<div class=\"elementor-icon-box-content\">\n\n\t\t\t\t\t\t\t\t\t<h2 class=\"elementor-icon-box-title\">\n\t\t\t\t\t\t<span  >\n\t\t\t\t\t\t\tOutils de l\u2019ambassadeur\t\t\t\t\t\t<\/span>\n\t\t\t\t\t<\/h2>\n\t\t\t\t\n\t\t\t\t\t\t\t\t\t<p class=\"elementor-icon-box-description\">\n\t\t\t\t\t\tVous trouverez sur cette page les informations, les outils et les ressources n\u00e9cessaires pour remplir le r\u00f4le d\u2019ambassadeur de la campagne pour la CCMTGC.\t\t\t\t\t<\/p>\n\t\t\t\t\n\t\t\t<\/div>\n\t\t\t\n\t\t<\/div>\n\t\t\t\t\t\t<\/div>\n\t\t\t\t<\/div>\n\t\t\t\t\t<\/div>\n\t\t<\/div>\n\t\t\t\t\t<\/div>\n\t\t<\/section>\n\t\t\t\t<section class=\"elementor-section elementor-top-section elementor-element elementor-element-6d2bdcf elementor-section-boxed elementor-section-height-default elementor-section-height-default\" data-id=\"6d2bdcf\" data-element_type=\"section\">\n\t\t\t\t\t\t<div class=\"elementor-container elementor-column-gap-default\">\n\t\t\t\t\t<div class=\"elementor-column elementor-col-100 elementor-top-column elementor-element elementor-element-c99d5bf\" data-id=\"c99d5bf\" data-element_type=\"column\">\n\t\t\t<div class=\"elementor-widget-wrap elementor-element-populated\">\n\t\t\t\t\t\t<div class=\"elementor-element elementor-element-ea51f09 elementor-widget-divider--view-line elementor-widget elementor-widget-divider\" data-id=\"ea51f09\" data-element_type=\"widget\" data-widget_type=\"divider.default\">\n\t\t\t\t<div class=\"elementor-widget-container\">\n\t\t\t\t\t\t\t<div class=\"elementor-divider\">\n\t\t\t<span class=\"elementor-divider-separator\">\n\t\t\t\t\t\t<\/span>\n\t\t<\/div>\n\t\t\t\t\t\t<\/div>\n\t\t\t\t<\/div>\n\t\t\t\t\t<\/div>\n\t\t<\/div>\n\t\t\t\t\t<\/div>\n\t\t<\/section>\n\t\t\t\t<section class=\"elementor-section elementor-top-section elementor-element elementor-element-83441d4 elementor-section-boxed elementor-section-height-default elementor-section-height-default\" data-id=\"83441d4\" data-element_type=\"section\">\n\t\t\t\t\t\t<div class=\"elementor-container elementor-column-gap-default\">\n\t\t\t\t\t<div class=\"elementor-column elementor-col-100 elementor-top-column elementor-element elementor-element-dcb9456\" data-id=\"dcb9456\" data-element_type=\"column\">\n\t\t\t<div class=\"elementor-widget-wrap elementor-element-populated\">\n\t\t\t\t\t\t<div class=\"elementor-element elementor-element-74551c5 elementor-view-stacked elementor-position-left elementor-shape-circle elementor-mobile-position-top elementor-widget elementor-widget-icon-box\" data-id=\"74551c5\" data-element_type=\"widget\" data-widget_type=\"icon-box.default\">\n\t\t\t\t<div class=\"elementor-widget-container\">\n\t\t\t\t\t\t\t<div class=\"elementor-icon-box-wrapper\">\n\n\t\t\t\t\t\t<div class=\"elementor-icon-box-icon\">\n\t\t\t\t<a href=\"https:\/\/rise.articulate.com\/share\/yrsmUZkthLkQKuwPbAXerMrgNG9LJpqt#\/\" class=\"elementor-icon elementor-animation-grow\" tabindex=\"-1\" aria-label=\"Formation pour les ambassadeurs\">\n\t\t\t\t<i aria-hidden=\"true\" class=\"fas fa-hand-holding-heart\"><\/i>\t\t\t\t<\/a>\n\t\t\t<\/div>\n\t\t\t\n\t\t\t\t\t\t<div class=\"elementor-icon-box-content\">\n\n\t\t\t\t\t\t\t\t\t<h3 class=\"elementor-icon-box-title\">\n\t\t\t\t\t\t<a href=\"https:\/\/rise.articulate.com\/share\/yrsmUZkthLkQKuwPbAXerMrgNG9LJpqt#\/\" >\n\t\t\t\t\t\t\tFormation pour les ambassadeurs\t\t\t\t\t\t<\/a>\n\t\t\t\t\t<\/h3>\n\t\t\t\t\n\t\t\t\t\t\t\t\t\t<p class=\"elementor-icon-box-description\">\n\t\t\t\t\t\tCommencez ici par le module d\u2019autoformation pour les ambassadeurs.\nVous pouvez aussi consulter le <a href=\"https:\/\/gcwcc-ccmtgc.org\/fr\/formation\/\">calendrier des prochaines s\u00e9ances de formation.<\/a> \n\t\t\t\t\t<\/p>\n\t\t\t\t\n\t\t\t<\/div>\n\t\t\t\n\t\t<\/div>\n\t\t\t\t\t\t<\/div>\n\t\t\t\t<\/div>\n\t\t\t\t\t<\/div>\n\t\t<\/div>\n\t\t\t\t\t<\/div>\n\t\t<\/section>\n\t\t\t\t<section class=\"elementor-section elementor-top-section elementor-element elementor-element-481198a elementor-section-boxed elementor-section-height-default elementor-section-height-default\" data-id=\"481198a\" data-element_type=\"section\">\n\t\t\t\t\t\t<div class=\"elementor-container elementor-column-gap-default\">\n\t\t\t\t\t<div class=\"elementor-column elementor-col-100 elementor-top-column elementor-element elementor-element-c97195b\" data-id=\"c97195b\" data-element_type=\"column\">\n\t\t\t<div class=\"elementor-widget-wrap elementor-element-populated\">\n\t\t\t\t\t\t<div class=\"elementor-element elementor-element-4415a0d elementor-view-stacked elementor-position-left elementor-shape-circle elementor-mobile-position-top elementor-widget elementor-widget-icon-box\" data-id=\"4415a0d\" data-element_type=\"widget\" data-widget_type=\"icon-box.default\">\n\t\t\t\t<div class=\"elementor-widget-container\">\n\t\t\t\t\t\t\t<div class=\"elementor-icon-box-wrapper\">\n\n\t\t\t\t\t\t<div class=\"elementor-icon-box-icon\">\n\t\t\t\t<a href=\"https:\/\/gcwcc-ccmtgc.org\/en\/download\/13306\/?tmstv=1763474145\" target=\"_blank\" class=\"elementor-icon elementor-animation-grow\" tabindex=\"-1\" aria-label=\"Guide complet de campagne\">\n\t\t\t\t<i aria-hidden=\"true\" class=\"fas fa-directions\"><\/i>\t\t\t\t<\/a>\n\t\t\t<\/div>\n\t\t\t\n\t\t\t\t\t\t<div class=\"elementor-icon-box-content\">\n\n\t\t\t\t\t\t\t\t\t<h3 class=\"elementor-icon-box-title\">\n\t\t\t\t\t\t<a href=\"https:\/\/gcwcc-ccmtgc.org\/en\/download\/13306\/?tmstv=1763474145\" target=\"_blank\" >\n\t\t\t\t\t\t\tGuide complet de campagne\t\t\t\t\t\t<\/a>\n\t\t\t\t\t<\/h3>\n\t\t\t\t\n\t\t\t\t\t\t\t\t\t<p class=\"elementor-icon-box-description\">\n\t\t\t\t\t\tCe guide pr\u00e9sente la vision, les objectifs et les actions sp\u00e9cifiques que nous pouvons engager collectivement en tant que b\u00e9n\u00e9voles de la campagne.\t\t\t\t\t<\/p>\n\t\t\t\t\n\t\t\t<\/div>\n\t\t\t\n\t\t<\/div>\n\t\t\t\t\t\t<\/div>\n\t\t\t\t<\/div>\n\t\t\t\t\t<\/div>\n\t\t<\/div>\n\t\t\t\t\t<\/div>\n\t\t<\/section>\n\t\t\t\t<section class=\"elementor-section elementor-top-section elementor-element elementor-element-d5e9a90 elementor-section-boxed elementor-section-height-default elementor-section-height-default\" data-id=\"d5e9a90\" data-element_type=\"section\">\n\t\t\t\t\t\t<div class=\"elementor-container elementor-column-gap-default\">\n\t\t\t\t\t<div class=\"elementor-column elementor-col-100 elementor-top-column elementor-element elementor-element-a2f3e6d\" data-id=\"a2f3e6d\" data-element_type=\"column\">\n\t\t\t<div class=\"elementor-widget-wrap elementor-element-populated\">\n\t\t\t\t\t\t<div class=\"elementor-element elementor-element-30ba648 elementor-view-stacked elementor-position-left elementor-shape-circle elementor-mobile-position-top elementor-widget elementor-widget-icon-box\" data-id=\"30ba648\" data-element_type=\"widget\" data-widget_type=\"icon-box.default\">\n\t\t\t\t<div class=\"elementor-widget-container\">\n\t\t\t\t\t\t\t<div class=\"elementor-icon-box-wrapper\">\n\n\t\t\t\t\t\t<div class=\"elementor-icon-box-icon\">\n\t\t\t\t<a href=\"https:\/\/gcwcc-ccmtgc.org\/download\/12344\/?tmstv=1753204632\" class=\"elementor-icon elementor-animation-grow\" tabindex=\"-1\" aria-label=\"Param\u00e8tres de la campagne 2025\">\n\t\t\t\t<i aria-hidden=\"true\" class=\"fas fa-route\"><\/i>\t\t\t\t<\/a>\n\t\t\t<\/div>\n\t\t\t\n\t\t\t\t\t\t<div class=\"elementor-icon-box-content\">\n\n\t\t\t\t\t\t\t\t\t<h3 class=\"elementor-icon-box-title\">\n\t\t\t\t\t\t<a href=\"https:\/\/gcwcc-ccmtgc.org\/download\/12344\/?tmstv=1753204632\" >\n\t\t\t\t\t\t\tParam\u00e8tres de la campagne 2025\t\t\t\t\t\t<\/a>\n\t\t\t\t\t<\/h3>\n\t\t\t\t\n\t\t\t\t\t\t\t\t\t<p class=\"elementor-icon-box-description\">\n\t\t\t\t\t\tLe document des param\u00e8tres de la campagne 2025 est maintenant disponible \u2013 t\u00e9l\u00e9chargez-le pour conna\u00eetre tous les d\u00e9tails essentiels de la campagne de cette ann\u00e9e.\t\t\t\t\t<\/p>\n\t\t\t\t\n\t\t\t<\/div>\n\t\t\t\n\t\t<\/div>\n\t\t\t\t\t\t<\/div>\n\t\t\t\t<\/div>\n\t\t\t\t\t<\/div>\n\t\t<\/div>\n\t\t\t\t\t<\/div>\n\t\t<\/section>\n\t\t\t\t<section class=\"elementor-section elementor-top-section elementor-element elementor-element-3ab06a0 elementor-section-boxed elementor-section-height-default elementor-section-height-default\" data-id=\"3ab06a0\" data-element_type=\"section\">\n\t\t\t\t\t\t<div class=\"elementor-container elementor-column-gap-default\">\n\t\t\t\t\t<div class=\"elementor-column elementor-col-100 elementor-top-column elementor-element elementor-element-f7319e9\" data-id=\"f7319e9\" data-element_type=\"column\">\n\t\t\t<div class=\"elementor-widget-wrap elementor-element-populated\">\n\t\t\t\t\t\t<div class=\"elementor-element elementor-element-fdfbda9 elementor-view-stacked elementor-position-left elementor-shape-circle elementor-mobile-position-top elementor-widget elementor-widget-icon-box\" data-id=\"fdfbda9\" data-element_type=\"widget\" data-widget_type=\"icon-box.default\">\n\t\t\t\t<div class=\"elementor-widget-container\">\n\t\t\t\t\t\t\t<div class=\"elementor-icon-box-wrapper\">\n\n\t\t\t\t\t\t<div class=\"elementor-icon-box-icon\">\n\t\t\t\t<a href=\"https:\/\/gcwcc-ccmtgc.org\/wp-content\/uploads\/2022\/05\/GCWCC-JobChangeflowchart-Fre.pdf\" class=\"elementor-icon elementor-animation-grow\" tabindex=\"-1\" aria-label=\"Informations pour les donateurs qui pr\u00e9voient prendre leur retraite ou changer d&#039;emploi\">\n\t\t\t\t<i aria-hidden=\"true\" class=\"fas fa-info\"><\/i>\t\t\t\t<\/a>\n\t\t\t<\/div>\n\t\t\t\n\t\t\t\t\t\t<div class=\"elementor-icon-box-content\">\n\n\t\t\t\t\t\t\t\t\t<h3 class=\"elementor-icon-box-title\">\n\t\t\t\t\t\t<a href=\"https:\/\/gcwcc-ccmtgc.org\/wp-content\/uploads\/2022\/05\/GCWCC-JobChangeflowchart-Fre.pdf\" >\n\t\t\t\t\t\t\tInformations pour les donateurs qui pr\u00e9voient prendre leur retraite ou changer d'emploi\t\t\t\t\t\t<\/a>\n\t\t\t\t\t<\/h3>\n\t\t\t\t\n\t\t\t\t\t\t\t\t\t<p class=\"elementor-icon-box-description\">\n\t\t\t\t\t\tSi l'un.e de vos coll\u00e8gues prend sa retraite, part en cong\u00e9 prolong\u00e9 ou change d'emploi, cette fiche d'information peut l'aider \u00e0 s'assurer que sa promesse de campagne et son impact sur la communaut\u00e9 ne sont pas interrompus par ce changement..\n\t\t\t\t\t<\/p>\n\t\t\t\t\n\t\t\t<\/div>\n\t\t\t\n\t\t<\/div>\n\t\t\t\t\t\t<\/div>\n\t\t\t\t<\/div>\n\t\t\t\t\t<\/div>\n\t\t<\/div>\n\t\t\t\t\t<\/div>\n\t\t<\/section>\n\t\t\t\t<section class=\"elementor-section elementor-top-section elementor-element elementor-element-30d413c elementor-section-boxed elementor-section-height-default elementor-section-height-default\" data-id=\"30d413c\" data-element_type=\"section\">\n\t\t\t\t\t\t<div class=\"elementor-container elementor-column-gap-default\">\n\t\t\t\t\t<div class=\"elementor-column elementor-col-100 elementor-top-column elementor-element elementor-element-b282c93\" data-id=\"b282c93\" data-element_type=\"column\">\n\t\t\t<div class=\"elementor-widget-wrap elementor-element-populated\">\n\t\t\t\t\t\t<div class=\"elementor-element elementor-element-470b551 elementor-view-stacked elementor-position-left elementor-shape-circle elementor-mobile-position-top elementor-widget elementor-widget-icon-box\" data-id=\"470b551\" data-element_type=\"widget\" data-widget_type=\"icon-box.default\">\n\t\t\t\t<div class=\"elementor-widget-container\">\n\t\t\t\t\t\t\t<div class=\"elementor-icon-box-wrapper\">\n\n\t\t\t\t\t\t<div class=\"elementor-icon-box-icon\">\n\t\t\t\t<span  class=\"elementor-icon elementor-animation-grow\">\n\t\t\t\t<i aria-hidden=\"true\" class=\"far fa-credit-card\"><\/i>\t\t\t\t<\/span>\n\t\t\t<\/div>\n\t\t\t\n\t\t\t\t\t\t<div class=\"elementor-icon-box-content\">\n\n\t\t\t\t\t\t\t\t\t<h3 class=\"elementor-icon-box-title\">\n\t\t\t\t\t\t<span  >\n\t\t\t\t\t\t\tePledge\t\t\t\t\t\t<\/span>\n\t\t\t\t\t<\/h3>\n\t\t\t\t\n\t\t\t\t\t\t\t\t\t<p class=\"elementor-icon-box-description\">\n\t\t\t\t\t\tePledge est la plateforme de don en ligne qui alimente la CCMTGC.<br><ul style=\"white-space: normal\"><li>Page de&nbsp;<a href=\"https:\/\/uwco.ca\/CCMTGC\" target=\"_blank\" rel=\"noopener\">don en ligne<\/a><\/li><li>Soutien technique et&nbsp;<a href=\"https:\/\/uwco.ca\/servlet\/eAndar.article\/248?language=fr\" target=\"_blank\" rel=\"noopener\">foire aux questions<\/a><\/li><li>Comment faire un don dans le syst\u00e8me ePledge - voir Soutien technique et foire aux questions<\/li><\/ul>\t\t\t\t\t<\/p>\n\t\t\t\t\n\t\t\t<\/div>\n\t\t\t\n\t\t<\/div>\n\t\t\t\t\t\t<\/div>\n\t\t\t\t<\/div>\n\t\t\t\t<div class=\"elementor-element elementor-element-745e2aa elementor-view-stacked elementor-position-left elementor-shape-circle elementor-mobile-position-top elementor-widget elementor-widget-icon-box\" data-id=\"745e2aa\" data-element_type=\"widget\" data-widget_type=\"icon-box.default\">\n\t\t\t\t<div class=\"elementor-widget-container\">\n\t\t\t\t\t\t\t<div class=\"elementor-icon-box-wrapper\">\n\n\t\t\t\t\t\t<div class=\"elementor-icon-box-icon\">\n\t\t\t\t<a href=\"https:\/\/www.canada.ca\/fr\/campagne\/charite\/faq.html\" class=\"elementor-icon elementor-animation-grow\" tabindex=\"-1\" aria-label=\"FAQ sur la campagne\">\n\t\t\t\t<i aria-hidden=\"true\" class=\"fas fa-question\"><\/i>\t\t\t\t<\/a>\n\t\t\t<\/div>\n\t\t\t\n\t\t\t\t\t\t<div class=\"elementor-icon-box-content\">\n\n\t\t\t\t\t\t\t\t\t<h3 class=\"elementor-icon-box-title\">\n\t\t\t\t\t\t<a href=\"https:\/\/www.canada.ca\/fr\/campagne\/charite\/faq.html\" >\n\t\t\t\t\t\t\tFAQ sur la campagne\t\t\t\t\t\t<\/a>\n\t\t\t\t\t<\/h3>\n\t\t\t\t\n\t\t\t\t\t\t\t\t\t<p class=\"elementor-icon-box-description\">\n\t\t\t\t\t\tTrouvez les r\u00e9ponses aux questions les plus courantes sur la CCMTGC\n\t\t\t\t\t<\/p>\n\t\t\t\t\n\t\t\t<\/div>\n\t\t\t\n\t\t<\/div>\n\t\t\t\t\t\t<\/div>\n\t\t\t\t<\/div>\n\t\t\t\t\t<\/div>\n\t\t<\/div>\n\t\t\t\t\t<\/div>\n\t\t<\/section>\n\t\t\t\t<section class=\"elementor-section elementor-top-section elementor-element elementor-element-40a0d67 elementor-section-boxed elementor-section-height-default elementor-section-height-default\" data-id=\"40a0d67\" data-element_type=\"section\">\n\t\t\t\t\t\t<div class=\"elementor-container elementor-column-gap-default\">\n\t\t\t\t\t<div class=\"elementor-column elementor-col-100 elementor-top-column elementor-element elementor-element-91e9a7b\" data-id=\"91e9a7b\" data-element_type=\"column\">\n\t\t\t<div class=\"elementor-widget-wrap elementor-element-populated\">\n\t\t\t\t\t\t<div class=\"elementor-element elementor-element-1b6f279 elementor-view-stacked elementor-position-left elementor-shape-circle elementor-mobile-position-top elementor-widget elementor-widget-icon-box\" data-id=\"1b6f279\" data-element_type=\"widget\" data-widget_type=\"icon-box.default\">\n\t\t\t\t<div class=\"elementor-widget-container\">\n\t\t\t\t\t\t\t<div class=\"elementor-icon-box-wrapper\">\n\n\t\t\t\t\t\t<div class=\"elementor-icon-box-icon\">\n\t\t\t\t<a href=\"https:\/\/www.canada.ca\/fr\/campagne\/charite\/benevoles\/outils-de-communication.html\" class=\"elementor-icon elementor-animation-grow\" tabindex=\"-1\" aria-label=\"Vid\u00e9os et histoires sur l\u2019incidence des dons\">\n\t\t\t\t<i aria-hidden=\"true\" class=\"fas fa-video\"><\/i>\t\t\t\t<\/a>\n\t\t\t<\/div>\n\t\t\t\n\t\t\t\t\t\t<div class=\"elementor-icon-box-content\">\n\n\t\t\t\t\t\t\t\t\t<h3 class=\"elementor-icon-box-title\">\n\t\t\t\t\t\t<a href=\"https:\/\/www.canada.ca\/fr\/campagne\/charite\/benevoles\/outils-de-communication.html\" >\n\t\t\t\t\t\t\tVid\u00e9os et histoires sur l\u2019incidence des dons\t\t\t\t\t\t<\/a>\n\t\t\t\t\t<\/h3>\n\t\t\t\t\n\t\t\t\t\t\t\t\t\t<p class=\"elementor-icon-box-description\">\n\t\t\t\t\t\tLes histoires sur l\u2019incidence des dons sont fournies par les deux b\u00e9n\u00e9ficiaires d\u00e9sign\u00e9s de la CCMTGC, PartenaireSant\u00e9 et Centraide\/United Way. Celles-ci peuvent \u00eatre utilis\u00e9es lors d\u2019activit\u00e9s et d\u2019\u00e9v\u00e9nements de sollicitation afin d\u2019informer et d\u2019inspirer les donateurs. Elles sont la preuve que les dons vers\u00e9s \u00e0 la CCMTGC aident \u00e0 b\u00e2tir des communaut\u00e9s plus fortes et \u00e0 favoriser la sant\u00e9 des gens.\n\t\t\t\t\t<\/p>\n\t\t\t\t\n\t\t\t<\/div>\n\t\t\t\n\t\t<\/div>\n\t\t\t\t\t\t<\/div>\n\t\t\t\t<\/div>\n\t\t\t\t\t<\/div>\n\t\t<\/div>\n\t\t\t\t\t<\/div>\n\t\t<\/section>\n\t\t\t\t<\/div>\n\t\t","protected":false},"excerpt":{"rendered":"<p>Outils de l\u2019ambassadeur Vous trouverez sur cette page les informations, les outils et les ressources n\u00e9cessaires pour remplir le r\u00f4le d\u2019ambassadeur de la campagne pour la CCMTGC. Formation pour les ambassadeurs Commencez ici par le module d\u2019autoformation pour les ambassadeurs. Vous pouvez aussi consulter le calendrier des prochaines s\u00e9ances de formation. Guide complet de campagne [&hellip;]<\/p>\n","protected":false},"author":7,"featured_media":0,"parent":0,"menu_order":0,"comment_status":"closed","ping_status":"closed","template":"","meta":{"_monsterinsights_skip_tracking":false,"_monsterinsights_sitenote_active":false,"_monsterinsights_sitenote_note":"","_monsterinsights_sitenote_category":0,"footnotes":""},"class_list":["post-362","page","type-page","status-publish","hentry"],"aioseo_notices":[],"_links":{"self":[{"href":"https:\/\/gcwcc-ccmtgc.org\/fr\/wp-json\/wp\/v2\/pages\/362","targetHints":{"allow":["GET"]}}],"collection":[{"href":"https:\/\/gcwcc-ccmtgc.org\/fr\/wp-json\/wp\/v2\/pages"}],"about":[{"href":"https:\/\/gcwcc-ccmtgc.org\/fr\/wp-json\/wp\/v2\/types\/page"}],"author":[{"embeddable":true,"href":"https:\/\/gcwcc-ccmtgc.org\/fr\/wp-json\/wp\/v2\/users\/7"}],"replies":[{"embeddable":true,"href":"https:\/\/gcwcc-ccmtgc.org\/fr\/wp-json\/wp\/v2\/comments?post=362"}],"version-history":[{"count":197,"href":"https:\/\/gcwcc-ccmtgc.org\/fr\/wp-json\/wp\/v2\/pages\/362\/revisions"}],"predecessor-version":[{"id":13325,"href":"https:\/\/gcwcc-ccmtgc.org\/fr\/wp-json\/wp\/v2\/pages\/362\/revisions\/13325"}],"wp:attachment":[{"href":"https:\/\/gcwcc-ccmtgc.org\/fr\/wp-json\/wp\/v2\/media?parent=362"}],"curies":[{"name":"wp","href":"https:\/\/api.w.org\/{rel}","templated":true}]}}