{"id":7394,"date":"2023-08-24T09:04:15","date_gmt":"2023-08-24T13:04:15","guid":{"rendered":"https:\/\/gcwcc-ccmtgc.org\/?page_id=7394"},"modified":"2025-12-02T13:22:11","modified_gmt":"2025-12-02T18:22:11","slug":"outils-marketing","status":"publish","type":"page","link":"https:\/\/gcwcc-ccmtgc.org\/fr\/outils-communication\/outils-marketing\/","title":{"rendered":"Outils Marketing"},"content":{"rendered":"\t\t<div data-elementor-type=\"wp-post\" data-elementor-id=\"7394\" class=\"elementor elementor-7394 elementor-7393\" data-elementor-post-type=\"page\">\n\t\t\t\t\t\t<section class=\"elementor-section elementor-top-section elementor-element elementor-element-d22113a elementor-section-boxed elementor-section-height-default elementor-section-height-default\" data-id=\"d22113a\" data-element_type=\"section\">\n\t\t\t\t\t\t<div class=\"elementor-container elementor-column-gap-default\">\n\t\t\t\t\t<div class=\"elementor-column elementor-col-100 elementor-top-column elementor-element elementor-element-3ae18c7\" data-id=\"3ae18c7\" data-element_type=\"column\">\n\t\t\t<div class=\"elementor-widget-wrap elementor-element-populated\">\n\t\t\t\t\t\t<div class=\"elementor-element elementor-element-8581945 elementor-widget elementor-widget-spacer\" data-id=\"8581945\" data-element_type=\"widget\" data-widget_type=\"spacer.default\">\n\t\t\t\t<div class=\"elementor-widget-container\">\n\t\t\t\t\t\t\t<div class=\"elementor-spacer\">\n\t\t\t<div class=\"elementor-spacer-inner\"><\/div>\n\t\t<\/div>\n\t\t\t\t\t\t<\/div>\n\t\t\t\t<\/div>\n\t\t\t\t<div class=\"elementor-element elementor-element-f182717 elementor-widget elementor-widget-heading\" data-id=\"f182717\" data-element_type=\"widget\" data-widget_type=\"heading.default\">\n\t\t\t\t<div class=\"elementor-widget-container\">\n\t\t\t\t\t<h2 class=\"elementor-heading-title elementor-size-default\">Outils marketing<\/h2>\t\t\t\t<\/div>\n\t\t\t\t<\/div>\n\t\t\t\t\t<\/div>\n\t\t<\/div>\n\t\t\t\t\t<\/div>\n\t\t<\/section>\n\t\t\t\t<section class=\"elementor-section elementor-top-section elementor-element elementor-element-59134b1 elementor-section-boxed elementor-section-height-default elementor-section-height-default\" data-id=\"59134b1\" data-element_type=\"section\">\n\t\t\t\t\t\t<div class=\"elementor-container elementor-column-gap-default\">\n\t\t\t\t\t<div class=\"elementor-column elementor-col-100 elementor-top-column elementor-element elementor-element-87aa249\" data-id=\"87aa249\" data-element_type=\"column\">\n\t\t\t<div class=\"elementor-widget-wrap\">\n\t\t\t\t\t\t\t<\/div>\n\t\t<\/div>\n\t\t\t\t\t<\/div>\n\t\t<\/section>\n\t\t\t\t<section class=\"elementor-section elementor-top-section elementor-element elementor-element-00910f0 elementor-section-boxed elementor-section-height-default elementor-section-height-default\" data-id=\"00910f0\" data-element_type=\"section\">\n\t\t\t\t\t\t<div class=\"elementor-container elementor-column-gap-default\">\n\t\t\t\t\t<div class=\"elementor-column elementor-col-50 elementor-top-column elementor-element elementor-element-d5a501d\" data-id=\"d5a501d\" data-element_type=\"column\">\n\t\t\t<div class=\"elementor-widget-wrap elementor-element-populated\">\n\t\t\t\t\t\t<div class=\"elementor-element elementor-element-21ea216 elementor-widget elementor-widget-image\" data-id=\"21ea216\" data-element_type=\"widget\" data-widget_type=\"image.default\">\n\t\t\t\t<div class=\"elementor-widget-container\">\n\t\t\t\t\t\t\t\t\t\t\t\t\t\t\t<img fetchpriority=\"high\" decoding=\"async\" width=\"800\" height=\"451\" src=\"https:\/\/gcwcc-ccmtgc.org\/wp-content\/uploads\/2024\/11\/Lacnement-1024x577.png\" class=\"attachment-large size-large wp-image-11438\" alt=\"\" srcset=\"https:\/\/gcwcc-ccmtgc.org\/wp-content\/uploads\/2024\/11\/Lacnement-1024x577.png 1024w, https:\/\/gcwcc-ccmtgc.org\/wp-content\/uploads\/2024\/11\/Lacnement-300x169.png 300w, https:\/\/gcwcc-ccmtgc.org\/wp-content\/uploads\/2024\/11\/Lacnement-768x433.png 768w, https:\/\/gcwcc-ccmtgc.org\/wp-content\/uploads\/2024\/11\/Lacnement-1536x865.png 1536w, https:\/\/gcwcc-ccmtgc.org\/wp-content\/uploads\/2024\/11\/Lacnement.png 1640w\" sizes=\"(max-width: 800px) 100vw, 800px\" \/>\t\t\t\t\t\t\t\t\t\t\t\t\t\t\t<\/div>\n\t\t\t\t<\/div>\n\t\t\t\t<div class=\"elementor-element elementor-element-9dd1653 elementor-align-center elementor-widget elementor-widget-button\" data-id=\"9dd1653\" data-element_type=\"widget\" data-widget_type=\"button.default\">\n\t\t\t\t<div class=\"elementor-widget-container\">\n\t\t\t\t\t\t\t\t\t<div class=\"elementor-button-wrapper\">\n\t\t\t\t\t<a class=\"elementor-button elementor-button-link elementor-size-sm\" href=\"https:\/\/www.canada.ca\/content\/dam\/gcwcc-ccmtgc\/toolkit\/2025-gcwcc-communication-toolkit-trousse-outils-de-communication-ccmtgc.zip\">\n\t\t\t\t\t\t<span class=\"elementor-button-content-wrapper\">\n\t\t\t\t\t\t\t\t\t<span class=\"elementor-button-text\">T\u00e9l\u00e9chargez ici<\/span>\n\t\t\t\t\t<\/span>\n\t\t\t\t\t<\/a>\n\t\t\t\t<\/div>\n\t\t\t\t\t\t\t\t<\/div>\n\t\t\t\t<\/div>\n\t\t\t\t\t<\/div>\n\t\t<\/div>\n\t\t\t\t<div class=\"elementor-column elementor-col-50 elementor-top-column elementor-element elementor-element-ff6128c\" data-id=\"ff6128c\" data-element_type=\"column\">\n\t\t\t<div class=\"elementor-widget-wrap elementor-element-populated\">\n\t\t\t\t\t\t<div class=\"elementor-element elementor-element-ccc0f9b elementor-widget elementor-widget-image\" data-id=\"ccc0f9b\" data-element_type=\"widget\" data-widget_type=\"image.default\">\n\t\t\t\t<div class=\"elementor-widget-container\">\n\t\t\t\t\t\t\t\t\t\t\t\t\t\t\t<img decoding=\"async\" src=\"https:\/\/gcwcc-ccmtgc.org\/wp-content\/uploads\/elementor\/thumbs\/MCR-qwm0wi6pfhjhffus3ocg3itg3wlz71sffjmen4mqqy.png\" title=\"MCR\" alt=\"MCR\" loading=\"lazy\" \/>\t\t\t\t\t\t\t\t\t\t\t\t\t\t\t<\/div>\n\t\t\t\t<\/div>\n\t\t\t\t<div class=\"elementor-element elementor-element-e1ad37e elementor-align-center elementor-widget elementor-widget-button\" data-id=\"e1ad37e\" data-element_type=\"widget\" data-widget_type=\"button.default\">\n\t\t\t\t<div class=\"elementor-widget-container\">\n\t\t\t\t\t\t\t\t\t<div class=\"elementor-button-wrapper\">\n\t\t\t\t\t<a class=\"elementor-button elementor-button-link elementor-size-sm\" href=\"https:\/\/www.canada.ca\/content\/dam\/gcwcc-ccmtgc\/toolkit\/2025-gcwcc-complete-communication-toolkit-tousse-outil-de-communication-complete-ccmtgc.zip\">\n\t\t\t\t\t\t<span class=\"elementor-button-content-wrapper\">\n\t\t\t\t\t\t\t\t\t<span class=\"elementor-button-text\">T\u00e9l\u00e9chargez ici<\/span>\n\t\t\t\t\t<\/span>\n\t\t\t\t\t<\/a>\n\t\t\t\t<\/div>\n\t\t\t\t\t\t\t\t<\/div>\n\t\t\t\t<\/div>\n\t\t\t\t\t<\/div>\n\t\t<\/div>\n\t\t\t\t\t<\/div>\n\t\t<\/section>\n\t\t\t\t<section class=\"elementor-section elementor-top-section elementor-element elementor-element-95a8b20 elementor-section-boxed elementor-section-height-default elementor-section-height-default\" data-id=\"95a8b20\" data-element_type=\"section\">\n\t\t\t\t\t\t<div class=\"elementor-container elementor-column-gap-default\">\n\t\t\t\t\t<div class=\"elementor-column elementor-col-50 elementor-top-column elementor-element elementor-element-fa55865\" data-id=\"fa55865\" data-element_type=\"column\">\n\t\t\t<div class=\"elementor-widget-wrap elementor-element-populated\">\n\t\t\t\t\t\t<div class=\"elementor-element elementor-element-cb49374 elementor-widget elementor-widget-image\" data-id=\"cb49374\" data-element_type=\"widget\" data-widget_type=\"image.default\">\n\t\t\t\t<div class=\"elementor-widget-container\">\n\t\t\t\t\t\t\t\t\t\t\t\t\t\t\t<img decoding=\"async\" width=\"800\" height=\"451\" src=\"https:\/\/gcwcc-ccmtgc.org\/wp-content\/uploads\/2024\/11\/MJD-1024x577.png\" class=\"attachment-large size-large wp-image-11444\" alt=\"\" srcset=\"https:\/\/gcwcc-ccmtgc.org\/wp-content\/uploads\/2024\/11\/MJD-1024x577.png 1024w, https:\/\/gcwcc-ccmtgc.org\/wp-content\/uploads\/2024\/11\/MJD-300x169.png 300w, https:\/\/gcwcc-ccmtgc.org\/wp-content\/uploads\/2024\/11\/MJD-768x433.png 768w, https:\/\/gcwcc-ccmtgc.org\/wp-content\/uploads\/2024\/11\/MJD-1536x865.png 1536w, https:\/\/gcwcc-ccmtgc.org\/wp-content\/uploads\/2024\/11\/MJD.png 1640w\" sizes=\"(max-width: 800px) 100vw, 800px\" \/>\t\t\t\t\t\t\t\t\t\t\t\t\t\t\t<\/div>\n\t\t\t\t<\/div>\n\t\t\t\t<div class=\"elementor-element elementor-element-802bd9c elementor-align-center elementor-widget elementor-widget-button\" data-id=\"802bd9c\" data-element_type=\"widget\" data-widget_type=\"button.default\">\n\t\t\t\t<div class=\"elementor-widget-container\">\n\t\t\t\t\t\t\t\t\t<div class=\"elementor-button-wrapper\">\n\t\t\t\t\t<a class=\"elementor-button elementor-button-link elementor-size-sm\" href=\"https:\/\/www.canada.ca\/content\/dam\/gcwcc-ccmtgc\/toolkit\/2025-ccmtgc-gcwcc-mardi-je-donne-giving-tuesday.zip\" target=\"_blank\">\n\t\t\t\t\t\t<span class=\"elementor-button-content-wrapper\">\n\t\t\t\t\t\t\t\t\t<span class=\"elementor-button-text\">T\u00e9l\u00e9chargez ici<\/span>\n\t\t\t\t\t<\/span>\n\t\t\t\t\t<\/a>\n\t\t\t\t<\/div>\n\t\t\t\t\t\t\t\t<\/div>\n\t\t\t\t<\/div>\n\t\t\t\t\t<\/div>\n\t\t<\/div>\n\t\t\t\t<div class=\"elementor-column elementor-col-50 elementor-top-column elementor-element elementor-element-50d7b1b\" data-id=\"50d7b1b\" data-element_type=\"column\">\n\t\t\t<div class=\"elementor-widget-wrap elementor-element-populated\">\n\t\t\t\t\t\t<div class=\"elementor-element elementor-element-fe5d1c2 elementor-widget elementor-widget-image\" data-id=\"fe5d1c2\" data-element_type=\"widget\" data-widget_type=\"image.default\">\n\t\t\t\t<div class=\"elementor-widget-container\">\n\t\t\t\t\t\t\t\t\t\t\t\t\t\t\t<img decoding=\"async\" width=\"800\" height=\"451\" src=\"https:\/\/gcwcc-ccmtgc.org\/wp-content\/uploads\/2025\/10\/CE-1024x577.png\" class=\"attachment-large size-large wp-image-13224\" alt=\"Bo\u00eete \u00e0 outils pour la campagne \u00e9clair\" srcset=\"https:\/\/gcwcc-ccmtgc.org\/wp-content\/uploads\/2025\/10\/CE-1024x577.png 1024w, https:\/\/gcwcc-ccmtgc.org\/wp-content\/uploads\/2025\/10\/CE-300x169.png 300w, https:\/\/gcwcc-ccmtgc.org\/wp-content\/uploads\/2025\/10\/CE-768x433.png 768w, https:\/\/gcwcc-ccmtgc.org\/wp-content\/uploads\/2025\/10\/CE-1536x865.png 1536w, https:\/\/gcwcc-ccmtgc.org\/wp-content\/uploads\/2025\/10\/CE.png 1640w\" sizes=\"(max-width: 800px) 100vw, 800px\" \/>\t\t\t\t\t\t\t\t\t\t\t\t\t\t\t<\/div>\n\t\t\t\t<\/div>\n\t\t\t\t<div class=\"elementor-element elementor-element-bd45dc9 elementor-align-center elementor-widget elementor-widget-button\" data-id=\"bd45dc9\" data-element_type=\"widget\" data-widget_type=\"button.default\">\n\t\t\t\t<div class=\"elementor-widget-container\">\n\t\t\t\t\t\t\t\t\t<div class=\"elementor-button-wrapper\">\n\t\t\t\t\t<a class=\"elementor-button elementor-button-link elementor-size-sm\" href=\"https:\/\/www.canada.ca\/content\/dam\/gcwcc-ccmtgc\/toolkit\/gcwcc-sprint-week-2025-ccmtgc-campagne-eclair.zip\" target=\"_blank\">\n\t\t\t\t\t\t<span class=\"elementor-button-content-wrapper\">\n\t\t\t\t\t\t\t\t\t<span class=\"elementor-button-text\">T\u00e9l\u00e9chargez ici<\/span>\n\t\t\t\t\t<\/span>\n\t\t\t\t\t<\/a>\n\t\t\t\t<\/div>\n\t\t\t\t\t\t\t\t<\/div>\n\t\t\t\t<\/div>\n\t\t\t\t\t<\/div>\n\t\t<\/div>\n\t\t\t\t\t<\/div>\n\t\t<\/section>\n\t\t\t\t<section class=\"elementor-section elementor-top-section elementor-element elementor-element-5e53e5b elementor-section-boxed elementor-section-height-default elementor-section-height-default\" data-id=\"5e53e5b\" data-element_type=\"section\">\n\t\t\t\t\t\t<div class=\"elementor-container elementor-column-gap-default\">\n\t\t\t\t\t<div class=\"elementor-column elementor-col-100 elementor-top-column elementor-element elementor-element-994e142\" data-id=\"994e142\" data-element_type=\"column\">\n\t\t\t<div class=\"elementor-widget-wrap elementor-element-populated\">\n\t\t\t\t\t\t<div class=\"elementor-element elementor-element-eac428f elementor-widget elementor-widget-image\" data-id=\"eac428f\" data-element_type=\"widget\" data-widget_type=\"image.default\">\n\t\t\t\t<div class=\"elementor-widget-container\">\n\t\t\t\t\t\t\t\t\t\t\t\t\t\t\t<img loading=\"lazy\" decoding=\"async\" width=\"768\" height=\"433\" src=\"https:\/\/gcwcc-ccmtgc.org\/wp-content\/uploads\/2024\/11\/Dec-31-FR-768x433.png\" class=\"attachment-medium_large size-medium_large wp-image-11432\" alt=\"\" srcset=\"https:\/\/gcwcc-ccmtgc.org\/wp-content\/uploads\/2024\/11\/Dec-31-FR-768x433.png 768w, https:\/\/gcwcc-ccmtgc.org\/wp-content\/uploads\/2024\/11\/Dec-31-FR-300x169.png 300w, https:\/\/gcwcc-ccmtgc.org\/wp-content\/uploads\/2024\/11\/Dec-31-FR-1024x577.png 1024w, https:\/\/gcwcc-ccmtgc.org\/wp-content\/uploads\/2024\/11\/Dec-31-FR-1536x865.png 1536w, https:\/\/gcwcc-ccmtgc.org\/wp-content\/uploads\/2024\/11\/Dec-31-FR.png 1640w\" sizes=\"(max-width: 768px) 100vw, 768px\" \/>\t\t\t\t\t\t\t\t\t\t\t\t\t\t\t<\/div>\n\t\t\t\t<\/div>\n\t\t\t\t<div class=\"elementor-element elementor-element-e1177f6 elementor-align-center elementor-widget elementor-widget-button\" data-id=\"e1177f6\" data-element_type=\"widget\" data-widget_type=\"button.default\">\n\t\t\t\t<div class=\"elementor-widget-container\">\n\t\t\t\t\t\t\t\t\t<div class=\"elementor-button-wrapper\">\n\t\t\t\t\t<a class=\"elementor-button elementor-button-link elementor-size-sm\" href=\"https:\/\/www.canada.ca\/content\/dam\/gcwcc-ccmtgc\/toolkit\/gcwcc-december-31-2025-ccmtgc-31-decembre.zip\" target=\"_blank\">\n\t\t\t\t\t\t<span class=\"elementor-button-content-wrapper\">\n\t\t\t\t\t\t\t\t\t<span class=\"elementor-button-text\">T\u00e9l\u00e9chargez ici<\/span>\n\t\t\t\t\t<\/span>\n\t\t\t\t\t<\/a>\n\t\t\t\t<\/div>\n\t\t\t\t\t\t\t\t<\/div>\n\t\t\t\t<\/div>\n\t\t\t\t\t<\/div>\n\t\t<\/div>\n\t\t\t\t\t<\/div>\n\t\t<\/section>\n\t\t\t\t<section class=\"elementor-section elementor-top-section elementor-element elementor-element-4bf72f9 elementor-section-boxed elementor-section-height-default elementor-section-height-default\" data-id=\"4bf72f9\" data-element_type=\"section\">\n\t\t\t\t\t\t<div class=\"elementor-container elementor-column-gap-default\">\n\t\t\t\t\t<div class=\"elementor-column elementor-col-100 elementor-top-column elementor-element elementor-element-c6d6fa0\" data-id=\"c6d6fa0\" data-element_type=\"column\">\n\t\t\t<div class=\"elementor-widget-wrap elementor-element-populated\">\n\t\t\t\t\t\t<div class=\"elementor-element elementor-element-b087dd6 elementor-widget elementor-widget-spacer\" data-id=\"b087dd6\" data-element_type=\"widget\" data-widget_type=\"spacer.default\">\n\t\t\t\t<div class=\"elementor-widget-container\">\n\t\t\t\t\t\t\t<div class=\"elementor-spacer\">\n\t\t\t<div class=\"elementor-spacer-inner\"><\/div>\n\t\t<\/div>\n\t\t\t\t\t\t<\/div>\n\t\t\t\t<\/div>\n\t\t\t\t<div class=\"elementor-element elementor-element-7d6854f elementor-widget elementor-widget-heading\" data-id=\"7d6854f\" data-element_type=\"widget\" data-widget_type=\"heading.default\">\n\t\t\t\t<div class=\"elementor-widget-container\">\n\t\t\t\t\t<h1 class=\"elementor-heading-title elementor-size-default\">Trousses de logos<\/h1>\t\t\t\t<\/div>\n\t\t\t\t<\/div>\n\t\t\t\t\t<\/div>\n\t\t<\/div>\n\t\t\t\t\t<\/div>\n\t\t<\/section>\n\t\t\t\t<section class=\"elementor-section elementor-top-section elementor-element elementor-element-391942f elementor-section-boxed elementor-section-height-default elementor-section-height-default\" data-id=\"391942f\" data-element_type=\"section\">\n\t\t\t\t\t\t<div class=\"elementor-container elementor-column-gap-default\">\n\t\t\t\t\t<div class=\"elementor-column elementor-col-33 elementor-top-column elementor-element elementor-element-5017100\" data-id=\"5017100\" data-element_type=\"column\">\n\t\t\t<div class=\"elementor-widget-wrap elementor-element-populated\">\n\t\t\t\t\t\t<div class=\"elementor-element elementor-element-bd7d0f8 elementor-widget elementor-widget-heading\" data-id=\"bd7d0f8\" data-element_type=\"widget\" data-widget_type=\"heading.default\">\n\t\t\t\t<div class=\"elementor-widget-container\">\n\t\t\t\t\t<h3 class=\"elementor-heading-title elementor-size-default\">CCMTGC<\/h3>\t\t\t\t<\/div>\n\t\t\t\t<\/div>\n\t\t\t\t<div class=\"elementor-element elementor-element-3c62b44 elementor-widget elementor-widget-image\" data-id=\"3c62b44\" data-element_type=\"widget\" data-widget_type=\"image.default\">\n\t\t\t\t<div class=\"elementor-widget-container\">\n\t\t\t\t\t\t\t\t\t\t\t\t\t\t\t<img loading=\"lazy\" decoding=\"async\" width=\"300\" height=\"300\" src=\"https:\/\/gcwcc-ccmtgc.org\/wp-content\/uploads\/2023\/05\/Logo_GC_FR-300x300.png\" class=\"attachment-medium size-medium wp-image-6112\" alt=\"\" srcset=\"https:\/\/gcwcc-ccmtgc.org\/wp-content\/uploads\/2023\/05\/Logo_GC_FR-300x300.png 300w, https:\/\/gcwcc-ccmtgc.org\/wp-content\/uploads\/2023\/05\/Logo_GC_FR-150x150.png 150w, https:\/\/gcwcc-ccmtgc.org\/wp-content\/uploads\/2023\/05\/Logo_GC_FR.png 500w\" sizes=\"(max-width: 300px) 100vw, 300px\" \/>\t\t\t\t\t\t\t\t\t\t\t\t\t\t\t<\/div>\n\t\t\t\t<\/div>\n\t\t\t\t<div class=\"elementor-element elementor-element-2a97aa7 elementor-widget elementor-widget-text-editor\" data-id=\"2a97aa7\" data-element_type=\"widget\" data-widget_type=\"text-editor.default\">\n\t\t\t\t<div class=\"elementor-widget-container\">\n\t\t\t\t\t\t\t\t\t<p style=\"text-align: center;\"><strong>T\u00e9l\u00e9charger<\/strong> (<a href=\"https:\/\/gcwcc-ccmtgc.org\/wp-content\/uploads\/2023\/05\/GCWCC-Logos-2023.zip\">FR\/EN<\/a>)<\/p>\t\t\t\t\t\t\t\t<\/div>\n\t\t\t\t<\/div>\n\t\t\t\t\t<\/div>\n\t\t<\/div>\n\t\t\t\t<div class=\"elementor-column elementor-col-33 elementor-top-column elementor-element elementor-element-6179838\" data-id=\"6179838\" data-element_type=\"column\">\n\t\t\t<div class=\"elementor-widget-wrap elementor-element-populated\">\n\t\t\t\t\t\t<div class=\"elementor-element elementor-element-f9e27f5 elementor-widget elementor-widget-heading\" data-id=\"f9e27f5\" data-element_type=\"widget\" data-widget_type=\"heading.default\">\n\t\t\t\t<div class=\"elementor-widget-container\">\n\t\t\t\t\t<h3 class=\"elementor-heading-title elementor-size-default\">PartenaireSant\u00e9<\/h3>\t\t\t\t<\/div>\n\t\t\t\t<\/div>\n\t\t\t\t<div class=\"elementor-element elementor-element-d852f90 elementor-widget elementor-widget-image\" data-id=\"d852f90\" data-element_type=\"widget\" data-widget_type=\"image.default\">\n\t\t\t\t<div class=\"elementor-widget-container\">\n\t\t\t\t\t\t\t\t\t\t\t\t\t\t\t<img loading=\"lazy\" decoding=\"async\" width=\"300\" height=\"300\" src=\"https:\/\/gcwcc-ccmtgc.org\/wp-content\/uploads\/2025\/04\/Logo_HP-Francais-300x300.png\" class=\"attachment-medium size-medium wp-image-12012\" alt=\"\" srcset=\"https:\/\/gcwcc-ccmtgc.org\/wp-content\/uploads\/2025\/04\/Logo_HP-Francais-300x300.png 300w, https:\/\/gcwcc-ccmtgc.org\/wp-content\/uploads\/2025\/04\/Logo_HP-Francais-150x150.png 150w, https:\/\/gcwcc-ccmtgc.org\/wp-content\/uploads\/2025\/04\/Logo_HP-Francais.png 500w\" sizes=\"(max-width: 300px) 100vw, 300px\" \/>\t\t\t\t\t\t\t\t\t\t\t\t\t\t\t<\/div>\n\t\t\t\t<\/div>\n\t\t\t\t<div class=\"elementor-element elementor-element-faccf87 elementor-widget elementor-widget-text-editor\" data-id=\"faccf87\" data-element_type=\"widget\" data-widget_type=\"text-editor.default\">\n\t\t\t\t<div class=\"elementor-widget-container\">\n\t\t\t\t\t\t\t\t\t<p style=\"text-align: center;\"><strong>T\u00e9l\u00e9charger<\/strong> (<a href=\"https:\/\/gcwcc-ccmtgc.org\/download\/12000\/?tmstv=1745418236\">FR\/EN<\/a>)<\/p>\t\t\t\t\t\t\t\t<\/div>\n\t\t\t\t<\/div>\n\t\t\t\t\t<\/div>\n\t\t<\/div>\n\t\t\t\t<div class=\"elementor-column elementor-col-33 elementor-top-column elementor-element elementor-element-fd6b921\" data-id=\"fd6b921\" data-element_type=\"column\">\n\t\t\t<div class=\"elementor-widget-wrap elementor-element-populated\">\n\t\t\t\t\t\t<div class=\"elementor-element elementor-element-56c0f6c elementor-widget elementor-widget-heading\" data-id=\"56c0f6c\" data-element_type=\"widget\" data-widget_type=\"heading.default\">\n\t\t\t\t<div class=\"elementor-widget-container\">\n\t\t\t\t\t<h3 class=\"elementor-heading-title elementor-size-default\">Centraide Canada<\/h3>\t\t\t\t<\/div>\n\t\t\t\t<\/div>\n\t\t\t\t<div class=\"elementor-element elementor-element-0fb62f2 elementor-widget elementor-widget-image\" data-id=\"0fb62f2\" data-element_type=\"widget\" data-widget_type=\"image.default\">\n\t\t\t\t<div class=\"elementor-widget-container\">\n\t\t\t\t\t\t\t\t\t\t\t\t\t\t\t<img loading=\"lazy\" decoding=\"async\" width=\"300\" height=\"300\" src=\"https:\/\/gcwcc-ccmtgc.org\/wp-content\/uploads\/2023\/05\/Logo_UWCC_FR-300x300.png\" class=\"attachment-medium size-medium wp-image-6114\" alt=\"\" srcset=\"https:\/\/gcwcc-ccmtgc.org\/wp-content\/uploads\/2023\/05\/Logo_UWCC_FR-300x300.png 300w, https:\/\/gcwcc-ccmtgc.org\/wp-content\/uploads\/2023\/05\/Logo_UWCC_FR-150x150.png 150w, https:\/\/gcwcc-ccmtgc.org\/wp-content\/uploads\/2023\/05\/Logo_UWCC_FR.png 500w\" sizes=\"(max-width: 300px) 100vw, 300px\" \/>\t\t\t\t\t\t\t\t\t\t\t\t\t\t\t<\/div>\n\t\t\t\t<\/div>\n\t\t\t\t<div class=\"elementor-element elementor-element-abae5a4 elementor-widget elementor-widget-text-editor\" data-id=\"abae5a4\" data-element_type=\"widget\" data-widget_type=\"text-editor.default\">\n\t\t\t\t<div class=\"elementor-widget-container\">\n\t\t\t\t\t\t\t\t\t<p style=\"text-align: center;\"><strong>T\u00e9l\u00e9charger<\/strong> (<a href=\"https:\/\/gcwcc-ccmtgc.org\/en\/\/download\/7421\/?tmstv=1692884320\">FR\/EN<\/a>)<\/p>\t\t\t\t\t\t\t\t<\/div>\n\t\t\t\t<\/div>\n\t\t\t\t\t<\/div>\n\t\t<\/div>\n\t\t\t\t\t<\/div>\n\t\t<\/section>\n\t\t\t\t<section class=\"elementor-section elementor-top-section elementor-element elementor-element-fe68d14 elementor-section-boxed elementor-section-height-default elementor-section-height-default\" data-id=\"fe68d14\" data-element_type=\"section\">\n\t\t\t\t\t\t<div class=\"elementor-container elementor-column-gap-default\">\n\t\t\t\t\t<div class=\"elementor-column elementor-col-100 elementor-top-column elementor-element elementor-element-e10bd6a\" data-id=\"e10bd6a\" data-element_type=\"column\">\n\t\t\t<div class=\"elementor-widget-wrap elementor-element-populated\">\n\t\t\t\t\t\t<div class=\"elementor-element elementor-element-e102850 elementor-widget-divider--view-line elementor-widget elementor-widget-divider\" data-id=\"e102850\" data-element_type=\"widget\" data-widget_type=\"divider.default\">\n\t\t\t\t<div class=\"elementor-widget-container\">\n\t\t\t\t\t\t\t<div class=\"elementor-divider\">\n\t\t\t<span class=\"elementor-divider-separator\">\n\t\t\t\t\t\t<\/span>\n\t\t<\/div>\n\t\t\t\t\t\t<\/div>\n\t\t\t\t<\/div>\n\t\t\t\t\t<\/div>\n\t\t<\/div>\n\t\t\t\t\t<\/div>\n\t\t<\/section>\n\t\t\t\t<\/div>\n\t\t","protected":false},"excerpt":{"rendered":"<p>Outils marketing T\u00e9l\u00e9chargez ici T\u00e9l\u00e9chargez ici T\u00e9l\u00e9chargez ici T\u00e9l\u00e9chargez ici T\u00e9l\u00e9chargez ici Trousses de logos CCMTGC T\u00e9l\u00e9charger (FR\/EN) PartenaireSant\u00e9 T\u00e9l\u00e9charger (FR\/EN) Centraide Canada T\u00e9l\u00e9charger (FR\/EN)<\/p>\n","protected":false},"author":16,"featured_media":0,"parent":493,"menu_order":1,"comment_status":"closed","ping_status":"closed","template":"","meta":{"_monsterinsights_skip_tracking":false,"_monsterinsights_sitenote_active":false,"_monsterinsights_sitenote_note":"","_monsterinsights_sitenote_category":0,"footnotes":""},"class_list":["post-7394","page","type-page","status-publish","hentry"],"aioseo_notices":[],"_links":{"self":[{"href":"https:\/\/gcwcc-ccmtgc.org\/fr\/wp-json\/wp\/v2\/pages\/7394","targetHints":{"allow":["GET"]}}],"collection":[{"href":"https:\/\/gcwcc-ccmtgc.org\/fr\/wp-json\/wp\/v2\/pages"}],"about":[{"href":"https:\/\/gcwcc-ccmtgc.org\/fr\/wp-json\/wp\/v2\/types\/page"}],"author":[{"embeddable":true,"href":"https:\/\/gcwcc-ccmtgc.org\/fr\/wp-json\/wp\/v2\/users\/16"}],"replies":[{"embeddable":true,"href":"https:\/\/gcwcc-ccmtgc.org\/fr\/wp-json\/wp\/v2\/comments?post=7394"}],"version-history":[{"count":199,"href":"https:\/\/gcwcc-ccmtgc.org\/fr\/wp-json\/wp\/v2\/pages\/7394\/revisions"}],"predecessor-version":[{"id":13389,"href":"https:\/\/gcwcc-ccmtgc.org\/fr\/wp-json\/wp\/v2\/pages\/7394\/revisions\/13389"}],"up":[{"embeddable":true,"href":"https:\/\/gcwcc-ccmtgc.org\/fr\/wp-json\/wp\/v2\/pages\/493"}],"wp:attachment":[{"href":"https:\/\/gcwcc-ccmtgc.org\/fr\/wp-json\/wp\/v2\/media?parent=7394"}],"curies":[{"name":"wp","href":"https:\/\/api.w.org\/{rel}","templated":true}]}}